{"id":6,"date":"2024-05-02T20:36:59","date_gmt":"2024-05-02T18:36:59","guid":{"rendered":"https:\/\/gite-routelle.fr\/?page_id=6"},"modified":"2024-07-23T02:09:00","modified_gmt":"2024-07-23T00:09:00","slug":"le-nouveau-e-mucem-ouvre-ses-portes-2","status":"publish","type":"page","link":"https:\/\/gite-routelle.fr\/","title":{"rendered":"La Route est Belle, g\u00eete \u00e0 Osselle-Routelle"},"content":{"rendered":"\n<p>Serge et C\u00e9cile vous accueillent au RDC r\u00e9nov\u00e9 en 2023 dans une maison du 18 -\u00e8me si\u00e8cle. <\/p>\n\n\n\n<p>We can speak English and Spanish. C\u00e9cile lernt Deutsch. <\/p>\n\n\n\n<div class=\"wp-block-columns is-layout-flex wp-container-core-columns-is-layout-9d6595d7 wp-block-columns-is-layout-flex\">\n<div class=\"wp-block-column is-layout-flow wp-block-column-is-layout-flow\">\n<h2 class=\"wp-block-heading\">Capacit\u00e9<\/h2>\n\n\n\n<p>Chambre d\u2019h\u00f4tes (<strong>2 chambres<\/strong>) ou meubl\u00e9 de tourisme (50m\u00b2) d\u2019une capacit\u00e9 de <strong>4 personnes<\/strong> (possibilit\u00e9 6 personnes en meubl\u00e9 de tourisme)<\/p>\n<\/div>\n\n\n\n<div class=\"wp-block-column is-layout-flow wp-block-column-is-layout-flow\">\n<h2 class=\"wp-block-heading alignfull\">Localisation<\/h2>\n\n\n\n<p class=\"has-text-align-left\">Situ\u00e9 \u00e0 150 m de l\u2019<strong>Eurov\u00e9lo 6<\/strong>, \u00e0 4 km de la <strong>base de loisirs Les Lacs d\u2019Osselle<\/strong>, \u00e0 5 km de <strong>Saint Vit<\/strong> (gare TER), \u00e0 17 km du centre historique de <strong>Besan\u00e7on<\/strong> et 30 km de <strong>Dole<\/strong> (39- Jura).<\/p>\n<\/div>\n<\/div>\n\n\n\n<h2 class=\"wp-block-heading\">Mobilit\u00e9s douces<\/h2>\n\n\n\n<div class=\"wp-block-columns is-layout-flex wp-container-core-columns-is-layout-9d6595d7 wp-block-columns-is-layout-flex\">\n<div class=\"wp-block-column is-layout-flow wp-block-column-is-layout-flow\" style=\"flex-basis:33.33%\">\n<figure class=\"wp-block-image size-full no-margin\"><img loading=\"lazy\" decoding=\"async\" width=\"640\" height=\"427\" src=\"http:\/\/gite-routelle.fr\/wp-content\/uploads\/2024\/05\/to-go-biking-5178398_640.jpg\" alt=\"v\u00e9lo\" class=\"wp-image-127\" srcset=\"https:\/\/gite-routelle.fr\/wp-content\/uploads\/2024\/05\/to-go-biking-5178398_640.jpg 640w, https:\/\/gite-routelle.fr\/wp-content\/uploads\/2024\/05\/to-go-biking-5178398_640-300x200.jpg 300w\" sizes=\"auto, (max-width: 640px) 100vw, 640px\" \/><\/figure>\n<\/div>\n\n\n\n<div class=\"wp-block-column is-layout-flow wp-block-column-is-layout-flow\" style=\"flex-basis:66.66%\">\n<p>Sensibilis\u00e9s \u00e0 la pratique des mobilit\u00e9s douces, nous avons adapt\u00e9 nos tarifs d\u2019h\u00e9bergement \u00e0 nos h\u00f4tes qui arriveraient en v\u00e9lo, \u00e0 pieds, rollers, trottinettes, en train gares TER de St Vit ou Torpes, avec le bus n\u00b056 au d\u00e9part de Micropolis (Besan\u00e7on) en direction de Plage d\u2019Osselle\/Byans sur Doubs (arr\u00eat Osselle-Routelle Centre en 20 minutes)\u2026.<\/p>\n<\/div>\n<\/div>\n\n\n\n<p><\/p>\n","protected":false},"excerpt":{"rendered":"<p>Serge et C\u00e9cile vous accueillent au RDC r\u00e9nov\u00e9 en 2023 dans une maison du 18 -\u00e8me si\u00e8cle. We can speak English and Spanish. C\u00e9cile lernt Deutsch. Capacit\u00e9 Chambre d\u2019h\u00f4tes (2 chambres) ou meubl\u00e9 de tourisme (50m\u00b2) d\u2019une capacit\u00e9 de 4 personnes (possibilit\u00e9 6 personnes en meubl\u00e9 de tourisme) Localisation Situ\u00e9 \u00e0 150 m de l\u2019Eurov\u00e9lo [&hellip;]<\/p>\n","protected":false},"author":1,"featured_media":30,"parent":0,"menu_order":0,"comment_status":"closed","ping_status":"closed","template":"","meta":{"footnotes":""},"class_list":["post-6","page","type-page","status-publish","has-post-thumbnail","hentry"],"_links":{"self":[{"href":"https:\/\/gite-routelle.fr\/index.php\/wp-json\/wp\/v2\/pages\/6","targetHints":{"allow":["GET"]}}],"collection":[{"href":"https:\/\/gite-routelle.fr\/index.php\/wp-json\/wp\/v2\/pages"}],"about":[{"href":"https:\/\/gite-routelle.fr\/index.php\/wp-json\/wp\/v2\/types\/page"}],"author":[{"embeddable":true,"href":"https:\/\/gite-routelle.fr\/index.php\/wp-json\/wp\/v2\/users\/1"}],"replies":[{"embeddable":true,"href":"https:\/\/gite-routelle.fr\/index.php\/wp-json\/wp\/v2\/comments?post=6"}],"version-history":[{"count":34,"href":"https:\/\/gite-routelle.fr\/index.php\/wp-json\/wp\/v2\/pages\/6\/revisions"}],"predecessor-version":[{"id":272,"href":"https:\/\/gite-routelle.fr\/index.php\/wp-json\/wp\/v2\/pages\/6\/revisions\/272"}],"wp:featuredmedia":[{"embeddable":true,"href":"https:\/\/gite-routelle.fr\/index.php\/wp-json\/wp\/v2\/media\/30"}],"wp:attachment":[{"href":"https:\/\/gite-routelle.fr\/index.php\/wp-json\/wp\/v2\/media?parent=6"}],"curies":[{"name":"wp","href":"https:\/\/api.w.org\/{rel}","templated":true}]}}