{"id":257,"date":"2024-07-22T23:13:30","date_gmt":"2024-07-22T21:13:30","guid":{"rendered":"https:\/\/gite-routelle.fr\/?page_id=257"},"modified":"2024-07-22T23:13:30","modified_gmt":"2024-07-22T21:13:30","slug":"le-petit-dejeuner","status":"publish","type":"page","link":"https:\/\/gite-routelle.fr\/index.php\/le-petit-dejeuner\/","title":{"rendered":"Le Petit-D\u00e9jeuner"},"content":{"rendered":"\n<h2 class=\"wp-block-heading\">Le classique : caf\u00e9, th\u00e9, chocolat, jus de fruits, pain, beurre, confitures maison.<\/h2>\n\n\n\n<h2 class=\"wp-block-heading\">Pour les sportives et sportifs : <\/h2>\n\n\n\n<figure class=\"wp-block-gallery has-nested-images columns-default is-cropped wp-block-gallery-1 is-layout-flex wp-block-gallery-is-layout-flex\">\n<figure class=\"wp-block-image size-large\"><img loading=\"lazy\" decoding=\"async\" width=\"1024\" height=\"576\" data-id=\"246\" src=\"https:\/\/gite-routelle.fr\/wp-content\/uploads\/2024\/06\/Petit-dejeuner-vue-densemble-1024x576.jpg\" alt=\"\" class=\"wp-image-246\" srcset=\"https:\/\/gite-routelle.fr\/wp-content\/uploads\/2024\/06\/Petit-dejeuner-vue-densemble-1024x576.jpg 1024w, https:\/\/gite-routelle.fr\/wp-content\/uploads\/2024\/06\/Petit-dejeuner-vue-densemble-300x169.jpg 300w, https:\/\/gite-routelle.fr\/wp-content\/uploads\/2024\/06\/Petit-dejeuner-vue-densemble-768x432.jpg 768w, https:\/\/gite-routelle.fr\/wp-content\/uploads\/2024\/06\/Petit-dejeuner-vue-densemble-1536x864.jpg 1536w, https:\/\/gite-routelle.fr\/wp-content\/uploads\/2024\/06\/Petit-dejeuner-vue-densemble-2048x1152.jpg 2048w, https:\/\/gite-routelle.fr\/wp-content\/uploads\/2024\/06\/Petit-dejeuner-vue-densemble-1200x675.jpg 1200w, https:\/\/gite-routelle.fr\/wp-content\/uploads\/2024\/06\/Petit-dejeuner-vue-densemble-1980x1114.jpg 1980w\" sizes=\"auto, (max-width: 1024px) 100vw, 1024px\" \/><\/figure>\n<\/figure>\n\n\n\n<figure class=\"wp-block-gallery has-nested-images columns-default is-cropped wp-block-gallery-2 is-layout-flex wp-block-gallery-is-layout-flex\">\n<figure class=\"wp-block-image size-large\"><img loading=\"lazy\" decoding=\"async\" width=\"576\" height=\"1024\" data-id=\"245\" src=\"https:\/\/gite-routelle.fr\/wp-content\/uploads\/2024\/06\/Petit-dejeuner-table-pour-5--576x1024.jpg\" alt=\"\" class=\"wp-image-245\" srcset=\"https:\/\/gite-routelle.fr\/wp-content\/uploads\/2024\/06\/Petit-dejeuner-table-pour-5--576x1024.jpg 576w, https:\/\/gite-routelle.fr\/wp-content\/uploads\/2024\/06\/Petit-dejeuner-table-pour-5--169x300.jpg 169w, https:\/\/gite-routelle.fr\/wp-content\/uploads\/2024\/06\/Petit-dejeuner-table-pour-5--768x1365.jpg 768w, https:\/\/gite-routelle.fr\/wp-content\/uploads\/2024\/06\/Petit-dejeuner-table-pour-5--864x1536.jpg 864w, https:\/\/gite-routelle.fr\/wp-content\/uploads\/2024\/06\/Petit-dejeuner-table-pour-5--1152x2048.jpg 1152w, https:\/\/gite-routelle.fr\/wp-content\/uploads\/2024\/06\/Petit-dejeuner-table-pour-5--1200x2133.jpg 1200w, https:\/\/gite-routelle.fr\/wp-content\/uploads\/2024\/06\/Petit-dejeuner-table-pour-5--1980x3520.jpg 1980w, https:\/\/gite-routelle.fr\/wp-content\/uploads\/2024\/06\/Petit-dejeuner-table-pour-5--scaled.jpg 1440w\" sizes=\"auto, (max-width: 576px) 100vw, 576px\" \/><\/figure>\n\n\n\n<figure class=\"wp-block-image size-large\"><img loading=\"lazy\" decoding=\"async\" width=\"576\" height=\"1024\" data-id=\"243\" src=\"https:\/\/gite-routelle.fr\/wp-content\/uploads\/2024\/06\/Petit-dejeuner-Kougelhof--576x1024.jpg\" alt=\"\" class=\"wp-image-243\" srcset=\"https:\/\/gite-routelle.fr\/wp-content\/uploads\/2024\/06\/Petit-dejeuner-Kougelhof--576x1024.jpg 576w, https:\/\/gite-routelle.fr\/wp-content\/uploads\/2024\/06\/Petit-dejeuner-Kougelhof--169x300.jpg 169w, https:\/\/gite-routelle.fr\/wp-content\/uploads\/2024\/06\/Petit-dejeuner-Kougelhof--768x1365.jpg 768w, https:\/\/gite-routelle.fr\/wp-content\/uploads\/2024\/06\/Petit-dejeuner-Kougelhof--864x1536.jpg 864w, https:\/\/gite-routelle.fr\/wp-content\/uploads\/2024\/06\/Petit-dejeuner-Kougelhof--1152x2048.jpg 1152w, https:\/\/gite-routelle.fr\/wp-content\/uploads\/2024\/06\/Petit-dejeuner-Kougelhof--1200x2133.jpg 1200w, https:\/\/gite-routelle.fr\/wp-content\/uploads\/2024\/06\/Petit-dejeuner-Kougelhof--1980x3520.jpg 1980w, https:\/\/gite-routelle.fr\/wp-content\/uploads\/2024\/06\/Petit-dejeuner-Kougelhof--scaled.jpg 1440w\" sizes=\"auto, (max-width: 576px) 100vw, 576px\" \/><\/figure>\n<\/figure>\n\n\n\n<p>Nous essayons, dans la mesure du possible, selon les saisons, de servir des produits en circuits courts et bio. Sur demande, nous nous adaptons \u00e0 vos diff\u00e9rents r\u00e9gimes (sans gluten, v\u00e9gan\u2026).<\/p>\n\n\n\n<p><\/p>\n","protected":false},"excerpt":{"rendered":"<p>Le classique : caf\u00e9, th\u00e9, chocolat, jus de fruits, pain, beurre, confitures maison. Pour les sportives et sportifs : Nous essayons, dans la mesure du possible, selon les saisons, de servir des produits en circuits courts et bio. Sur demande, nous nous adaptons \u00e0 vos diff\u00e9rents r\u00e9gimes (sans gluten, v\u00e9gan\u2026).<\/p>\n","protected":false},"author":1,"featured_media":0,"parent":0,"menu_order":0,"comment_status":"closed","ping_status":"closed","template":"","meta":{"footnotes":""},"class_list":["post-257","page","type-page","status-publish","hentry"],"_links":{"self":[{"href":"https:\/\/gite-routelle.fr\/index.php\/wp-json\/wp\/v2\/pages\/257","targetHints":{"allow":["GET"]}}],"collection":[{"href":"https:\/\/gite-routelle.fr\/index.php\/wp-json\/wp\/v2\/pages"}],"about":[{"href":"https:\/\/gite-routelle.fr\/index.php\/wp-json\/wp\/v2\/types\/page"}],"author":[{"embeddable":true,"href":"https:\/\/gite-routelle.fr\/index.php\/wp-json\/wp\/v2\/users\/1"}],"replies":[{"embeddable":true,"href":"https:\/\/gite-routelle.fr\/index.php\/wp-json\/wp\/v2\/comments?post=257"}],"version-history":[{"count":3,"href":"https:\/\/gite-routelle.fr\/index.php\/wp-json\/wp\/v2\/pages\/257\/revisions"}],"predecessor-version":[{"id":260,"href":"https:\/\/gite-routelle.fr\/index.php\/wp-json\/wp\/v2\/pages\/257\/revisions\/260"}],"wp:attachment":[{"href":"https:\/\/gite-routelle.fr\/index.php\/wp-json\/wp\/v2\/media?parent=257"}],"curies":[{"name":"wp","href":"https:\/\/api.w.org\/{rel}","templated":true}]}}